{"id":21,"date":"2020-03-11T11:03:55","date_gmt":"2020-03-11T10:03:55","guid":{"rendered":"https:\/\/the7.io\/elementor-minimal-creative\/?page_id=21"},"modified":"2022-08-22T15:18:56","modified_gmt":"2022-08-22T13:18:56","slug":"a-propos","status":"publish","type":"page","link":"https:\/\/juliannemahot.fr\/?page_id=21","title":{"rendered":"\u00c0 propos de moi"},"content":{"rendered":"\t\t<div data-elementor-type=\"wp-page\" data-elementor-id=\"21\" class=\"elementor elementor-21\">\n\t\t\t\t\t\t\t\t\t<section class=\"elementor-section elementor-top-section elementor-element elementor-element-5a995607 elementor-section-boxed elementor-section-height-default elementor-section-height-default\" data-id=\"5a995607\" data-element_type=\"section\">\n\t\t\t\t\t\t<div class=\"elementor-container elementor-column-gap-wider\">\n\t\t\t\t\t<div class=\"elementor-column elementor-col-100 elementor-top-column elementor-element elementor-element-5780f0bc\" data-id=\"5780f0bc\" data-element_type=\"column\" data-settings=\"{&quot;background_background&quot;:&quot;classic&quot;}\">\n\t\t\t<div class=\"elementor-widget-wrap elementor-element-populated\">\n\t\t\t\t\t\t\t\t<section class=\"elementor-section elementor-inner-section elementor-element elementor-element-fac8eb2 elementor-section-boxed elementor-section-height-default elementor-section-height-default\" data-id=\"fac8eb2\" data-element_type=\"section\">\n\t\t\t\t\t\t<div class=\"elementor-container elementor-column-gap-default\">\n\t\t\t\t\t<div class=\"elementor-column elementor-col-50 elementor-inner-column elementor-element elementor-element-2c0f9f4\" data-id=\"2c0f9f4\" data-element_type=\"column\" data-settings=\"{&quot;background_background&quot;:&quot;classic&quot;}\">\n\t\t\t<div class=\"elementor-widget-wrap elementor-element-populated\">\n\t\t\t\t\t\t\t\t<div class=\"elementor-element elementor-element-4d4ced66 elementor-widget elementor-widget-heading\" data-id=\"4d4ced66\" data-element_type=\"widget\" data-widget_type=\"heading.default\">\n\t\t\t\t<div class=\"elementor-widget-container\">\n\t\t\t<h2 class=\"elementor-heading-title elementor-size-default\">\u00c0 propos de moi<\/h2>\t\t<\/div>\n\t\t\t\t<\/div>\n\t\t\t\t\t<\/div>\n\t\t<\/div>\n\t\t\t\t<div class=\"elementor-column elementor-col-50 elementor-inner-column elementor-element elementor-element-4bfd4d3\" data-id=\"4bfd4d3\" data-element_type=\"column\" data-settings=\"{&quot;background_background&quot;:&quot;classic&quot;}\">\n\t\t\t<div class=\"elementor-widget-wrap elementor-element-populated\">\n\t\t\t\t\t\t\t\t<div class=\"elementor-element elementor-element-f602c0d elementor-widget elementor-widget-image\" data-id=\"f602c0d\" data-element_type=\"widget\" data-widget_type=\"image.default\">\n\t\t\t\t<div class=\"elementor-widget-container\">\n\t\t\t\t\t\t\t\t\t\t\t\t\t\t\t<img width=\"3447\" height=\"2379\" src=\"https:\/\/juliannemahot.fr\/wp-content\/uploads\/2021\/02\/photo_site.png\" class=\"attachment-full size-full wp-image-2836\" alt=\"\" loading=\"lazy\" srcset=\"https:\/\/juliannemahot.fr\/wp-content\/uploads\/2021\/02\/photo_site.png 3447w, https:\/\/juliannemahot.fr\/wp-content\/uploads\/2021\/02\/photo_site-300x207.png 300w, https:\/\/juliannemahot.fr\/wp-content\/uploads\/2021\/02\/photo_site-1024x707.png 1024w, https:\/\/juliannemahot.fr\/wp-content\/uploads\/2021\/02\/photo_site-768x530.png 768w, https:\/\/juliannemahot.fr\/wp-content\/uploads\/2021\/02\/photo_site-1536x1060.png 1536w, https:\/\/juliannemahot.fr\/wp-content\/uploads\/2021\/02\/photo_site-2048x1413.png 2048w\" sizes=\"(max-width: 3447px) 100vw, 3447px\" \/>\t\t\t\t\t\t\t\t\t\t\t\t\t\t\t<\/div>\n\t\t\t\t<\/div>\n\t\t\t\t\t<\/div>\n\t\t<\/div>\n\t\t\t\t\t\t\t<\/div>\n\t\t<\/section>\n\t\t\t\t\t<\/div>\n\t\t<\/div>\n\t\t\t\t\t\t\t<\/div>\n\t\t<\/section>\n\t\t\t\t<section class=\"elementor-section elementor-top-section elementor-element elementor-element-2667c2ae elementor-section-boxed elementor-section-height-default elementor-section-height-default\" data-id=\"2667c2ae\" data-element_type=\"section\">\n\t\t\t\t\t\t<div class=\"elementor-container elementor-column-gap-wider\">\n\t\t\t\t\t<div class=\"elementor-column elementor-col-50 elementor-top-column elementor-element elementor-element-1cf5a34e\" data-id=\"1cf5a34e\" data-element_type=\"column\">\n\t\t\t<div class=\"elementor-widget-wrap elementor-element-populated\">\n\t\t\t\t\t\t\t\t<div class=\"elementor-element elementor-element-1f09a62 elementor-widget elementor-widget-heading\" data-id=\"1f09a62\" data-element_type=\"widget\" data-widget_type=\"heading.default\">\n\t\t\t\t<div class=\"elementor-widget-container\">\n\t\t\t<h2 class=\"elementor-heading-title elementor-size-default\"><span style=\"color: rgb(89, 89, 89); font-size: 18px; white-space: normal;\">UX\/UI designer \u00e0 temps plein et graphiste dans mes heures libres.<\/span><\/h2>\t\t<\/div>\n\t\t\t\t<\/div>\n\t\t\t\t<div class=\"elementor-element elementor-element-2814ca5c elementor-widget elementor-widget-text-editor\" data-id=\"2814ca5c\" data-element_type=\"widget\" data-widget_type=\"text-editor.default\">\n\t\t\t\t<div class=\"elementor-widget-container\">\n\t\t\t\t\t\t\t<p class=\"p1\">V\u00e9ritablement poly-passionn\u00e9e, c\u2019est la curiosit\u00e9 qui me porte.\u00a0Au coeur de mon m\u00e9tier, l\u2019approche digitale me passionne mais la connaissance du print m\u2019attise.\u00a0<\/p><p class=\"p1\">Tous les sujets UX-UI me font fondre:<span class=\"Apple-converted-space\">\u00a0\u00a0<br \/><\/span><span style=\"word-spacing: normal;\">pour l\u2019organisation, mais aussi le c\u00f4t\u00e9 pratique pour tous, pour l\u2019aide au mieux travailler\u00a0<\/span><span style=\"word-spacing: normal;\">qu\u2019ils repr\u00e9sentent, pour le design aussi bien s\u00fbr ! Les App sont aussi un vrai moteur de r\u00e9flexion<\/span><span class=\"Apple-converted-space\" style=\"word-spacing: normal;\">\u00a0<\/span><span style=\"word-spacing: normal;\">pour moi : vive l\u2019innovation, la nouveaut\u00e9, le vrai besoin !<\/span><\/p><p class=\"p1\">Vouloir tout d\u00e9couvrir est tellement porteur ! C\u2019est \u00e7a que je veux vivre et approfondir \u00e0 l\u2019avenir.\u00a0<\/p><p class=\"p1\">Les voyages, la culture, tout ce qui m\u2019ouvre les yeux et la sensibilit\u00e9 \u00e0 l\u2019autre, l\u2019inconnu et le cr\u00e9atif<span class=\"Apple-converted-space\">\u00a0<\/span><span style=\"word-spacing: normal;\">en font partie.<\/span><\/p><p class=\"p1\">\u00a0<\/p>\t\t\t\t\t\t<\/div>\n\t\t\t\t<\/div>\n\t\t\t\t\t<\/div>\n\t\t<\/div>\n\t\t\t\t<div class=\"elementor-column elementor-col-50 elementor-top-column elementor-element elementor-element-735fba59\" data-id=\"735fba59\" data-element_type=\"column\">\n\t\t\t<div class=\"elementor-widget-wrap elementor-element-populated\">\n\t\t\t\t\t\t\t\t<div class=\"elementor-element elementor-element-57d5915 elementor-widget elementor-widget-heading\" data-id=\"57d5915\" data-element_type=\"widget\" data-widget_type=\"heading.default\">\n\t\t\t\t<div class=\"elementor-widget-container\">\n\t\t\t<h2 class=\"elementor-heading-title elementor-size-default\">Formation<\/h2>\t\t<\/div>\n\t\t\t\t<\/div>\n\t\t\t\t<div class=\"elementor-element elementor-element-7a588e75 elementor-position-left elementor-view-default elementor-mobile-position-top elementor-vertical-align-top elementor-widget elementor-widget-icon-box\" data-id=\"7a588e75\" data-element_type=\"widget\" data-widget_type=\"icon-box.default\">\n\t\t\t\t<div class=\"elementor-widget-container\">\n\t\t\t\t\t<div class=\"elementor-icon-box-wrapper\">\n\t\t\t\t\t\t<div class=\"elementor-icon-box-icon\">\n\t\t\t\t<span  class=\"elementor-icon elementor-animation-\">\n\t\t\t\t<i aria-hidden=\"true\" class=\" icomoon-the7-font-the7-arrow-35\"><\/i>\t\t\t\t<\/span>\n\t\t\t<\/div>\n\t\t\t\t\t\t<div class=\"elementor-icon-box-content\">\n\t\t\t\t<div class=\"elementor-icon-box-title\">\n\t\t\t\t\t<span  >\n\t\t\t\t\t\t2016 - 2019 Formation en Conception de Communication Visuelle\t\t\t\t\t<\/span>\n\t\t\t\t<\/div>\n\t\t\t\t\t\t\t\t\t<p class=\"elementor-icon-box-description\">\n\t\t\t\t\t\tL'IDEM, \u00e9cole de communication visuelle<br>Le Soler\t\t\t\t\t<\/p>\n\t\t\t\t\t\t\t<\/div>\n\t\t<\/div>\n\t\t\t\t<\/div>\n\t\t\t\t<\/div>\n\t\t\t\t<div class=\"elementor-element elementor-element-2e172aa3 elementor-position-left elementor-view-default elementor-mobile-position-top elementor-vertical-align-top elementor-widget elementor-widget-icon-box\" data-id=\"2e172aa3\" data-element_type=\"widget\" data-widget_type=\"icon-box.default\">\n\t\t\t\t<div class=\"elementor-widget-container\">\n\t\t\t\t\t<div class=\"elementor-icon-box-wrapper\">\n\t\t\t\t\t\t<div class=\"elementor-icon-box-icon\">\n\t\t\t\t<span  class=\"elementor-icon elementor-animation-\">\n\t\t\t\t<i aria-hidden=\"true\" class=\" icomoon-the7-font-the7-arrow-35\"><\/i>\t\t\t\t<\/span>\n\t\t\t<\/div>\n\t\t\t\t\t\t<div class=\"elementor-icon-box-content\">\n\t\t\t\t<div class=\"elementor-icon-box-title\">\n\t\t\t\t\t<span  >\n\t\t\t\t\t\t2015 - 2016 Mise \u00e0 Niveau en Art Appliqu\u00e9s\t\t\t\t\t<\/span>\n\t\t\t\t<\/div>\n\t\t\t\t\t\t\t\t\t<p class=\"elementor-icon-box-description\">\n\t\t\t\t\t\tL'IDEM, \u00e9cole de communication visuelle<br>Le Soler\t\t\t\t\t<\/p>\n\t\t\t\t\t\t\t<\/div>\n\t\t<\/div>\n\t\t\t\t<\/div>\n\t\t\t\t<\/div>\n\t\t\t\t<div class=\"elementor-element elementor-element-24cc8bc8 elementor-position-left elementor-view-default elementor-mobile-position-top elementor-vertical-align-top elementor-widget elementor-widget-icon-box\" data-id=\"24cc8bc8\" data-element_type=\"widget\" data-widget_type=\"icon-box.default\">\n\t\t\t\t<div class=\"elementor-widget-container\">\n\t\t\t\t\t<div class=\"elementor-icon-box-wrapper\">\n\t\t\t\t\t\t<div class=\"elementor-icon-box-icon\">\n\t\t\t\t<span  class=\"elementor-icon elementor-animation-\">\n\t\t\t\t<i aria-hidden=\"true\" class=\" icomoon-the7-font-the7-arrow-35\"><\/i>\t\t\t\t<\/span>\n\t\t\t<\/div>\n\t\t\t\t\t\t<div class=\"elementor-icon-box-content\">\n\t\t\t\t<div class=\"elementor-icon-box-title\">\n\t\t\t\t\t<span  >\n\t\t\t\t\t\t2011 - 2015 Baccalaur\u00e9at Scientifique\t\t\t\t\t<\/span>\n\t\t\t\t<\/div>\n\t\t\t\t\t\t\t\t\t<p class=\"elementor-icon-box-description\">\n\t\t\t\t\t\tLyc\u00e9e Pierre de Coubertin<br>Font-Romeu\t\t\t\t\t<\/p>\n\t\t\t\t\t\t\t<\/div>\n\t\t<\/div>\n\t\t\t\t<\/div>\n\t\t\t\t<\/div>\n\t\t\t\t\t<\/div>\n\t\t<\/div>\n\t\t\t\t\t\t\t<\/div>\n\t\t<\/section>\n\t\t\t\t<section class=\"elementor-section elementor-top-section elementor-element elementor-element-10480ed elementor-section-boxed elementor-section-height-default elementor-section-height-default\" data-id=\"10480ed\" data-element_type=\"section\">\n\t\t\t\t\t\t<div class=\"elementor-container elementor-column-gap-default\">\n\t\t\t\t\t<div class=\"elementor-column elementor-col-100 elementor-top-column elementor-element elementor-element-2d51690\" data-id=\"2d51690\" data-element_type=\"column\">\n\t\t\t<div class=\"elementor-widget-wrap elementor-element-populated\">\n\t\t\t\t\t\t\t\t<div class=\"elementor-element elementor-element-81ea697 elementor-widget elementor-widget-heading\" data-id=\"81ea697\" data-element_type=\"widget\" data-widget_type=\"heading.default\">\n\t\t\t\t<div class=\"elementor-widget-container\">\n\t\t\t<h2 class=\"elementor-heading-title elementor-size-default\">Logiciel<\/h2>\t\t<\/div>\n\t\t\t\t<\/div>\n\t\t\t\t<div class=\"elementor-element elementor-element-91967d9 elementor-widget elementor-widget-image\" data-id=\"91967d9\" data-element_type=\"widget\" data-widget_type=\"image.default\">\n\t\t\t\t<div class=\"elementor-widget-container\">\n\t\t\t\t\t\t\t\t\t\t\t\t\t\t\t<img width=\"768\" height=\"154\" src=\"https:\/\/juliannemahot.fr\/wp-content\/uploads\/2021\/02\/logiciel-768x154.png\" class=\"attachment-medium_large size-medium_large wp-image-2872\" alt=\"\" loading=\"lazy\" srcset=\"https:\/\/juliannemahot.fr\/wp-content\/uploads\/2021\/02\/logiciel-768x154.png 768w, https:\/\/juliannemahot.fr\/wp-content\/uploads\/2021\/02\/logiciel-300x60.png 300w, https:\/\/juliannemahot.fr\/wp-content\/uploads\/2021\/02\/logiciel-1024x205.png 1024w, https:\/\/juliannemahot.fr\/wp-content\/uploads\/2021\/02\/logiciel-1536x307.png 1536w, https:\/\/juliannemahot.fr\/wp-content\/uploads\/2021\/02\/logiciel-2048x410.png 2048w\" sizes=\"(max-width: 768px) 100vw, 768px\" \/>\t\t\t\t\t\t\t\t\t\t\t\t\t\t\t<\/div>\n\t\t\t\t<\/div>\n\t\t\t\t\t<\/div>\n\t\t<\/div>\n\t\t\t\t\t\t\t<\/div>\n\t\t<\/section>\n\t\t\t\t<section class=\"elementor-section elementor-top-section elementor-element elementor-element-56041ac7 elementor-section-content-middle elementor-section-boxed elementor-section-height-default elementor-section-height-default\" data-id=\"56041ac7\" data-element_type=\"section\">\n\t\t\t\t\t\t<div class=\"elementor-container elementor-column-gap-wider\">\n\t\t\t\t\t<div class=\"elementor-column elementor-col-100 elementor-top-column elementor-element elementor-element-2c4c6f7d\" data-id=\"2c4c6f7d\" data-element_type=\"column\">\n\t\t\t<div class=\"elementor-widget-wrap elementor-element-populated\">\n\t\t\t\t\t\t\t\t<div class=\"elementor-element elementor-element-5ce502d elementor-widget elementor-widget-image\" data-id=\"5ce502d\" data-element_type=\"widget\" data-widget_type=\"image.default\">\n\t\t\t\t<div class=\"elementor-widget-container\">\n\t\t\t\t\t\t\t\t\t\t\t\t\t\t\t<img width=\"150\" height=\"150\" src=\"https:\/\/juliannemahot.fr\/wp-content\/uploads\/2021\/02\/Plan-de-travail-1-e1612457532115-150x150.png\" class=\"attachment-thumbnail size-thumbnail wp-image-2426\" alt=\"\" loading=\"lazy\" \/>\t\t\t\t\t\t\t\t\t\t\t\t\t\t\t<\/div>\n\t\t\t\t<\/div>\n\t\t\t\t\t<\/div>\n\t\t<\/div>\n\t\t\t\t\t\t\t<\/div>\n\t\t<\/section>\n\t\t\t\t\t\t\t<\/div>\n\t\t","protected":false},"excerpt":{"rendered":"<p>\u00c0 propos de moi UX\/UI designer \u00e0 temps plein et graphiste dans mes heures libres. V\u00e9ritablement poly-passionn\u00e9e, c\u2019est la curiosit\u00e9 qui me porte.\u00a0Au coeur de mon m\u00e9tier, l\u2019approche digitale me passionne mais la connaissance du print m\u2019attise.\u00a0 Tous les sujets UX-UI me font fondre:\u00a0\u00a0pour l\u2019organisation, mais aussi le c\u00f4t\u00e9 pratique pour tous, pour l\u2019aide au&hellip;<\/p>\n","protected":false},"author":1,"featured_media":0,"parent":0,"menu_order":20,"comment_status":"closed","ping_status":"closed","template":"elementor_header_footer","meta":[],"_links":{"self":[{"href":"https:\/\/juliannemahot.fr\/index.php?rest_route=\/wp\/v2\/pages\/21"}],"collection":[{"href":"https:\/\/juliannemahot.fr\/index.php?rest_route=\/wp\/v2\/pages"}],"about":[{"href":"https:\/\/juliannemahot.fr\/index.php?rest_route=\/wp\/v2\/types\/page"}],"author":[{"embeddable":true,"href":"https:\/\/juliannemahot.fr\/index.php?rest_route=\/wp\/v2\/users\/1"}],"replies":[{"embeddable":true,"href":"https:\/\/juliannemahot.fr\/index.php?rest_route=%2Fwp%2Fv2%2Fcomments&post=21"}],"version-history":[{"count":91,"href":"https:\/\/juliannemahot.fr\/index.php?rest_route=\/wp\/v2\/pages\/21\/revisions"}],"predecessor-version":[{"id":3404,"href":"https:\/\/juliannemahot.fr\/index.php?rest_route=\/wp\/v2\/pages\/21\/revisions\/3404"}],"wp:attachment":[{"href":"https:\/\/juliannemahot.fr\/index.php?rest_route=%2Fwp%2Fv2%2Fmedia&parent=21"}],"curies":[{"name":"wp","href":"https:\/\/api.w.org\/{rel}","templated":true}]}}