{"id":485,"date":"2020-03-16T15:27:18","date_gmt":"2020-03-16T14:27:18","guid":{"rendered":"https:\/\/the7.io\/elementor-minimal-creative\/?page_id=485"},"modified":"2021-02-23T16:01:07","modified_gmt":"2021-02-23T15:01:07","slug":"accueil","status":"publish","type":"page","link":"https:\/\/juliannemahot.fr\/","title":{"rendered":"Accueil"},"content":{"rendered":"\t\t<div data-elementor-type=\"wp-page\" data-elementor-id=\"485\" class=\"elementor elementor-485\">\n\t\t\t\t\t\t\t\t\t<section class=\"elementor-section elementor-top-section elementor-element elementor-element-2c19042f elementor-section-full_width elementor-section-height-default elementor-section-height-default\" data-id=\"2c19042f\" data-element_type=\"section\">\n\t\t\t\t\t\t<div class=\"elementor-container elementor-column-gap-no\">\n\t\t\t\t\t<div class=\"elementor-column elementor-col-100 elementor-top-column elementor-element elementor-element-205c3b53\" data-id=\"205c3b53\" data-element_type=\"column\">\n\t\t\t<div class=\"elementor-widget-wrap elementor-element-populated\">\n\t\t\t\t\t\t\t\t<div class=\"elementor-element elementor-element-5d7d2484 elementor-widget elementor-widget-the7_elements\" data-id=\"5d7d2484\" data-element_type=\"widget\" data-widget_type=\"the7_elements.default\">\n\t\t\t\t<div class=\"elementor-widget-container\">\n\t\t\t<div class=\"portfolio-shortcode the7-elementor-widget the7_elements-5d7d2484 mode-masonry gradient-overlay-layout-list description-on-hover meta-info-off content-bg-on resize-by-browser-width loading-effect-none hover-grid-reverse jquery-filter\" data-padding=\"0\" data-mobile-columns-num=\"1\" data-tablet-columns-num=\"3\" data-desktop-columns-num=\"3\" data-wide-desktop-columns-num=\"3\" data-post-limit=\"-1\" data-pagination-mode=\"none\" data-scroll-offset=\"\"><div class=\"iso-container dt-isotope custom-iso-columns\"><div class=\"visible wf-cell iso-item\" data-post-id=\"3396\" data-date=\"2022-08-21T15:12:59+02:00\" data-name=\"Respyre\"><article class=\"post visible post-3396 dt_portfolio type-dt_portfolio status-publish has-post-thumbnail hentry dt_portfolio_category-web\" data-name=\"Respyre\" data-date=\"2022-08-21T15:12:59+02:00\">\n<div class=\"post-thumbnail-wrap\">\n\t<div class=\"post-thumbnail \">\n\n\t\t<a href=\"https:\/\/juliannemahot.fr\/?dt_portfolio=respyre\" class=\"post-thumbnail-rollover layzr-bg\" aria-label=\"Image article\"><img loading=\"lazy\" class=\"preload-me iso-lazy-load\" src=\"data:image\/svg+xml,%3Csvg%20xmlns%3D&#39;http%3A%2F%2Fwww.w3.org%2F2000%2Fsvg&#39;%20viewBox%3D&#39;0%200%20768%20768&#39;%2F%3E\" data-src=\"https:\/\/juliannemahot.fr\/wp-content\/uploads\/2022\/08\/couverture-respyre-2-768x768.png\" data-srcset=\"https:\/\/juliannemahot.fr\/wp-content\/uploads\/2022\/08\/couverture-respyre-2-768x768.png 768w, https:\/\/juliannemahot.fr\/wp-content\/uploads\/2022\/08\/couverture-respyre-2-1152x1152.png 1152w\" alt=\"\" title=\"couverture respyre\" width=\"768\" height=\"768\"  \/><\/a>\n\t<\/div>\n<\/div>\n\n<div class=\"post-entry-content  rollover-active\">\n\t<div class=\"post-entry-body\">\n\t\t<div class=\"project-links-container\"><a href=\"https:\/\/juliannemahot.fr\/?dt_portfolio=respyre\" class=\"project-details\" aria-label=\"Lien d\u00e9tails\"><span aria-hidden=\"true\" class=\" icomoon-the7-font-the7-plus-04\"><\/span><\/a><\/div><h3 class=\"ele-entry-title\"><a href=\"https:\/\/juliannemahot.fr\/?dt_portfolio=respyre\" rel=\"bookmark\" title=\"Respyre\">Respyre<\/a><\/h3><div class=\"entry-excerpt\"><p>Site pour un accompagnateur en marche Afghane<\/p>\n<\/div>\t<\/div>\n<\/div><\/article><\/div><div class=\"visible wf-cell iso-item\" data-post-id=\"108\" data-date=\"2020-03-16T16:35:26+01:00\" data-name=\"WINOOD\"><article class=\"post visible post-108 dt_portfolio type-dt_portfolio status-publish has-post-thumbnail hentry dt_portfolio_category-web\" data-name=\"WINOOD\" data-date=\"2020-03-16T16:35:26+01:00\">\n<div class=\"post-thumbnail-wrap\">\n\t<div class=\"post-thumbnail \">\n\n\t\t<a href=\"https:\/\/juliannemahot.fr\/?dt_portfolio=project001\" class=\"post-thumbnail-rollover layzr-bg\" aria-label=\"Image article\"><img loading=\"lazy\" class=\"preload-me iso-lazy-load\" src=\"data:image\/svg+xml,%3Csvg%20xmlns%3D&#39;http%3A%2F%2Fwww.w3.org%2F2000%2Fsvg&#39;%20viewBox%3D&#39;0%200%20768%20768&#39;%2F%3E\" data-src=\"https:\/\/juliannemahot.fr\/wp-content\/uploads\/2020\/03\/couverture-winood-768x768.png\" data-srcset=\"https:\/\/juliannemahot.fr\/wp-content\/uploads\/2020\/03\/couverture-winood-768x768.png 768w, https:\/\/juliannemahot.fr\/wp-content\/uploads\/2020\/03\/couverture-winood-1152x1152.png 1152w\" alt=\"\" title=\"couverture winood\" width=\"768\" height=\"768\"  \/><\/a>\n\t<\/div>\n<\/div>\n\n<div class=\"post-entry-content  rollover-active\">\n\t<div class=\"post-entry-body\">\n\t\t<div class=\"project-links-container\"><a href=\"https:\/\/juliannemahot.fr\/?dt_portfolio=project001\" class=\"project-details\" aria-label=\"Lien d\u00e9tails\"><span aria-hidden=\"true\" class=\" icomoon-the7-font-the7-plus-04\"><\/span><\/a><\/div><h3 class=\"ele-entry-title\"><a href=\"https:\/\/juliannemahot.fr\/?dt_portfolio=project001\" rel=\"bookmark\" title=\"WINOOD\">WINOOD<\/a><\/h3><div class=\"entry-excerpt\"><p>Application d&rsquo;accord mets et vin<\/p>\n<\/div>\t<\/div>\n<\/div><\/article><\/div><div class=\"visible wf-cell iso-item\" data-post-id=\"3367\" data-date=\"2020-03-15T21:13:44+01:00\" data-name=\"Gasp\u00e9zia\"><article class=\"post visible post-3367 dt_portfolio type-dt_portfolio status-publish has-post-thumbnail hentry dt_portfolio_category-web\" data-name=\"Gasp\u00e9zia\" data-date=\"2020-03-15T21:13:44+01:00\">\n<div class=\"post-thumbnail-wrap\">\n\t<div class=\"post-thumbnail \">\n\n\t\t<a href=\"https:\/\/juliannemahot.fr\/?dt_portfolio=winood\" class=\"post-thumbnail-rollover layzr-bg\" aria-label=\"Image article\"><img loading=\"lazy\" class=\"preload-me iso-lazy-load\" src=\"data:image\/svg+xml,%3Csvg%20xmlns%3D&#39;http%3A%2F%2Fwww.w3.org%2F2000%2Fsvg&#39;%20viewBox%3D&#39;0%200%20768%20768&#39;%2F%3E\" data-src=\"https:\/\/juliannemahot.fr\/wp-content\/uploads\/2022\/03\/couverture-gaspezia-1-768x768.png\" data-srcset=\"https:\/\/juliannemahot.fr\/wp-content\/uploads\/2022\/03\/couverture-gaspezia-1-768x768.png 768w, https:\/\/juliannemahot.fr\/wp-content\/uploads\/2022\/03\/couverture-gaspezia-1-1152x1152.png 1152w\" alt=\"\" title=\"couverture gaspezia\" width=\"768\" height=\"768\"  \/><\/a>\n\t<\/div>\n<\/div>\n\n<div class=\"post-entry-content  rollover-active\">\n\t<div class=\"post-entry-body\">\n\t\t<div class=\"project-links-container\"><a href=\"https:\/\/juliannemahot.fr\/?dt_portfolio=winood\" class=\"project-details\" aria-label=\"Lien d\u00e9tails\"><span aria-hidden=\"true\" class=\" icomoon-the7-font-the7-plus-04\"><\/span><\/a><\/div><h3 class=\"ele-entry-title\"><a href=\"https:\/\/juliannemahot.fr\/?dt_portfolio=winood\" rel=\"bookmark\" title=\"Gasp\u00e9zia\">Gasp\u00e9zia<\/a><\/h3><div class=\"entry-excerpt\"><p>Site pour une association de joueurs Minecraft<\/p>\n<\/div>\t<\/div>\n<\/div><\/article><\/div><div class=\"visible wf-cell iso-item\" data-post-id=\"87\" data-date=\"2020-03-15T16:25:33+01:00\" data-name=\"Creaccio\"><article class=\"post visible post-87 dt_portfolio type-dt_portfolio status-publish has-post-thumbnail hentry dt_portfolio_category-packaging\" data-name=\"Creaccio\" data-date=\"2020-03-15T16:25:33+01:00\">\n<div class=\"post-thumbnail-wrap\">\n\t<div class=\"post-thumbnail \">\n\n\t\t<a href=\"https:\/\/juliannemahot.fr\/?dt_portfolio=project003\" class=\"post-thumbnail-rollover layzr-bg\" aria-label=\"Image article\"><img loading=\"lazy\" class=\"preload-me iso-lazy-load\" src=\"data:image\/svg+xml,%3Csvg%20xmlns%3D&#39;http%3A%2F%2Fwww.w3.org%2F2000%2Fsvg&#39;%20viewBox%3D&#39;0%200%20768%20768&#39;%2F%3E\" data-src=\"https:\/\/juliannemahot.fr\/wp-content\/uploads\/2020\/03\/couverture-creaccio2_V3-768x768.png\" data-srcset=\"https:\/\/juliannemahot.fr\/wp-content\/uploads\/2020\/03\/couverture-creaccio2_V3-768x768.png 768w, https:\/\/juliannemahot.fr\/wp-content\/uploads\/2020\/03\/couverture-creaccio2_V3-1152x1152.png 1152w\" alt=\"\" title=\"couverture creaccio2_V3\" width=\"768\" height=\"768\"  \/><\/a>\n\t<\/div>\n<\/div>\n\n<div class=\"post-entry-content  rollover-active\">\n\t<div class=\"post-entry-body\">\n\t\t<div class=\"project-links-container\"><a href=\"https:\/\/juliannemahot.fr\/?dt_portfolio=project003\" class=\"project-details\" aria-label=\"Lien d\u00e9tails\"><span aria-hidden=\"true\" class=\" icomoon-the7-font-the7-plus-04\"><\/span><\/a><\/div><h3 class=\"ele-entry-title\"><a href=\"https:\/\/juliannemahot.fr\/?dt_portfolio=project003\" rel=\"bookmark\" title=\"Creaccio\">Creaccio<\/a><\/h3><div class=\"entry-excerpt\"><p>\u00c9tiquette de vin<\/p>\n<\/div>\t<\/div>\n<\/div><\/article><\/div><div class=\"visible wf-cell iso-item\" data-post-id=\"99\" data-date=\"2020-03-15T15:20:59+01:00\" data-name=\"GIFTYFOX\"><article class=\"post visible post-99 dt_portfolio type-dt_portfolio status-publish has-post-thumbnail hentry dt_portfolio_category-logo dt_portfolio_category-web\" data-name=\"GIFTYFOX\" data-date=\"2020-03-15T15:20:59+01:00\">\n<div class=\"post-thumbnail-wrap\">\n\t<div class=\"post-thumbnail \">\n\n\t\t<a href=\"https:\/\/juliannemahot.fr\/?dt_portfolio=project006\" class=\"post-thumbnail-rollover layzr-bg\" aria-label=\"Image article\"><img loading=\"lazy\" class=\"preload-me iso-lazy-load\" src=\"data:image\/svg+xml,%3Csvg%20xmlns%3D&#39;http%3A%2F%2Fwww.w3.org%2F2000%2Fsvg&#39;%20viewBox%3D&#39;0%200%20768%20768&#39;%2F%3E\" data-src=\"https:\/\/juliannemahot.fr\/wp-content\/uploads\/2020\/03\/couverture-giftyfox_V2-768x768.png\" data-srcset=\"https:\/\/juliannemahot.fr\/wp-content\/uploads\/2020\/03\/couverture-giftyfox_V2-768x768.png 768w, https:\/\/juliannemahot.fr\/wp-content\/uploads\/2020\/03\/couverture-giftyfox_V2-1152x1152.png 1152w\" alt=\"\" title=\"couverture giftyfox_V2\" width=\"768\" height=\"768\"  \/><\/a>\n\t<\/div>\n<\/div>\n\n<div class=\"post-entry-content  rollover-active\">\n\t<div class=\"post-entry-body\">\n\t\t<div class=\"project-links-container\"><a href=\"https:\/\/juliannemahot.fr\/?dt_portfolio=project006\" class=\"project-details\" aria-label=\"Lien d\u00e9tails\"><span aria-hidden=\"true\" class=\" icomoon-the7-font-the7-plus-04\"><\/span><\/a><\/div><h3 class=\"ele-entry-title\"><a href=\"https:\/\/juliannemahot.fr\/?dt_portfolio=project006\" rel=\"bookmark\" title=\"GIFTYFOX\">GIFTYFOX<\/a><\/h3><div class=\"entry-excerpt\"><p>Application pour trouver la meilleure id\u00e9e cadeau<\/p>\n<\/div>\t<\/div>\n<\/div><\/article><\/div><div class=\"visible wf-cell iso-item\" data-post-id=\"94\" data-date=\"2020-03-11T17:44:00+01:00\" data-name=\"Creaccio\"><article class=\"post visible post-94 dt_portfolio type-dt_portfolio status-publish has-post-thumbnail hentry dt_portfolio_category-packaging\" data-name=\"Creaccio\" data-date=\"2020-03-11T17:44:00+01:00\">\n<div class=\"post-thumbnail-wrap\">\n\t<div class=\"post-thumbnail \">\n\n\t\t<a href=\"https:\/\/juliannemahot.fr\/?dt_portfolio=project008\" class=\"post-thumbnail-rollover layzr-bg\" aria-label=\"Image article\"><img loading=\"lazy\" class=\"preload-me iso-lazy-load\" src=\"data:image\/svg+xml,%3Csvg%20xmlns%3D&#39;http%3A%2F%2Fwww.w3.org%2F2000%2Fsvg&#39;%20viewBox%3D&#39;0%200%20768%20768&#39;%2F%3E\" data-src=\"https:\/\/juliannemahot.fr\/wp-content\/uploads\/2020\/03\/couverture-creaccio_V2-768x768.png\" data-srcset=\"https:\/\/juliannemahot.fr\/wp-content\/uploads\/2020\/03\/couverture-creaccio_V2-768x768.png 768w, https:\/\/juliannemahot.fr\/wp-content\/uploads\/2020\/03\/couverture-creaccio_V2-1152x1152.png 1152w\" alt=\"\" title=\"couverture creaccio_V2\" width=\"768\" height=\"768\"  \/><\/a>\n\t<\/div>\n<\/div>\n\n<div class=\"post-entry-content  rollover-active\">\n\t<div class=\"post-entry-body\">\n\t\t<div class=\"project-links-container\"><a href=\"https:\/\/juliannemahot.fr\/?dt_portfolio=project008\" class=\"project-details\" aria-label=\"Lien d\u00e9tails\"><span aria-hidden=\"true\" class=\" icomoon-the7-font-the7-plus-04\"><\/span><\/a><\/div><h3 class=\"ele-entry-title\"><a href=\"https:\/\/juliannemahot.fr\/?dt_portfolio=project008\" rel=\"bookmark\" title=\"Creaccio\">Creaccio<\/a><\/h3><div class=\"entry-excerpt\"><p>\u00c9tiquette de vin<\/p>\n<\/div>\t<\/div>\n<\/div><\/article><\/div><div class=\"visible wf-cell iso-item\" data-post-id=\"111\" data-date=\"2020-03-11T16:45:07+01:00\" data-name=\"\u00c9choppe des Artisans\"><article class=\"post visible post-111 dt_portfolio type-dt_portfolio status-publish has-post-thumbnail hentry dt_portfolio_category-logo\" data-name=\"\u00c9choppe des Artisans\" data-date=\"2020-03-11T16:45:07+01:00\">\n<div class=\"post-thumbnail-wrap\">\n\t<div class=\"post-thumbnail \">\n\n\t\t<a href=\"https:\/\/juliannemahot.fr\/?dt_portfolio=project005\" class=\"post-thumbnail-rollover layzr-bg\" aria-label=\"Image article\"><img loading=\"lazy\" class=\"preload-me iso-lazy-load\" src=\"data:image\/svg+xml,%3Csvg%20xmlns%3D&#39;http%3A%2F%2Fwww.w3.org%2F2000%2Fsvg&#39;%20viewBox%3D&#39;0%200%20768%20768&#39;%2F%3E\" data-src=\"https:\/\/juliannemahot.fr\/wp-content\/uploads\/2020\/03\/couverture-e\u0301choppe_V3-768x768.png\" data-srcset=\"https:\/\/juliannemahot.fr\/wp-content\/uploads\/2020\/03\/couverture-e\u0301choppe_V3-768x768.png 768w, https:\/\/juliannemahot.fr\/wp-content\/uploads\/2020\/03\/couverture-e\u0301choppe_V3-1152x1152.png 1152w\" alt=\"\" title=\"couverture e\u0301choppe_V3\" width=\"768\" height=\"768\"  \/><\/a>\n\t<\/div>\n<\/div>\n\n<div class=\"post-entry-content  rollover-active\">\n\t<div class=\"post-entry-body\">\n\t\t<div class=\"project-links-container\"><a href=\"https:\/\/juliannemahot.fr\/?dt_portfolio=project005\" class=\"project-details\" aria-label=\"Lien d\u00e9tails\"><span aria-hidden=\"true\" class=\" icomoon-the7-font-the7-plus-04\"><\/span><\/a><\/div><h3 class=\"ele-entry-title\"><a href=\"https:\/\/juliannemahot.fr\/?dt_portfolio=project005\" rel=\"bookmark\" title=\"\u00c9choppe des Artisans\">\u00c9choppe des Artisans<\/a><\/h3><div class=\"entry-excerpt\"><p>Point de vente d&rsquo;Artisans Catalans<\/p>\n<\/div>\t<\/div>\n<\/div><\/article><\/div><div class=\"visible wf-cell iso-item\" data-post-id=\"460\" data-date=\"2020-03-11T16:30:00+01:00\" data-name=\"La L\u00e9gende de Pyr\u00e8ne\"><article class=\"post visible post-460 dt_portfolio type-dt_portfolio status-publish has-post-thumbnail hentry dt_portfolio_category-logo dt_portfolio_category-packaging dt_portfolio_category-print\" data-name=\"La L\u00e9gende de Pyr\u00e8ne\" data-date=\"2020-03-11T16:30:00+01:00\">\n<div class=\"post-thumbnail-wrap\">\n\t<div class=\"post-thumbnail \">\n\n\t\t<a href=\"https:\/\/juliannemahot.fr\/?dt_portfolio=project002\" class=\"post-thumbnail-rollover layzr-bg\" aria-label=\"Image article\"><img loading=\"lazy\" class=\"preload-me iso-lazy-load\" src=\"data:image\/svg+xml,%3Csvg%20xmlns%3D&#39;http%3A%2F%2Fwww.w3.org%2F2000%2Fsvg&#39;%20viewBox%3D&#39;0%200%20768%20768&#39;%2F%3E\" data-src=\"https:\/\/juliannemahot.fr\/wp-content\/uploads\/2020\/03\/couverture-pyre\u0300neV2-768x768.png\" data-srcset=\"https:\/\/juliannemahot.fr\/wp-content\/uploads\/2020\/03\/couverture-pyre\u0300neV2-768x768.png 768w, https:\/\/juliannemahot.fr\/wp-content\/uploads\/2020\/03\/couverture-pyre\u0300neV2-1152x1152.png 1152w\" alt=\"\" title=\"couverture pyre\u0300neV2\" width=\"768\" height=\"768\"  \/><\/a>\n\t<\/div>\n<\/div>\n\n<div class=\"post-entry-content  rollover-active\">\n\t<div class=\"post-entry-body\">\n\t\t<div class=\"project-links-container\"><a href=\"https:\/\/juliannemahot.fr\/?dt_portfolio=project002\" class=\"project-details\" aria-label=\"Lien d\u00e9tails\"><span aria-hidden=\"true\" class=\" icomoon-the7-font-the7-plus-04\"><\/span><\/a><\/div><h3 class=\"ele-entry-title\"><a href=\"https:\/\/juliannemahot.fr\/?dt_portfolio=project002\" rel=\"bookmark\" title=\"La L\u00e9gende de Pyr\u00e8ne\">La L\u00e9gende de Pyr\u00e8ne<\/a><\/h3><div class=\"entry-excerpt\"><p>Moutarderie Artisanale<\/p>\n<\/div>\t<\/div>\n<\/div><\/article><\/div><div class=\"visible wf-cell iso-item\" data-post-id=\"92\" data-date=\"2020-02-11T16:25:56+01:00\" data-name=\"Digital 113\"><article class=\"post visible post-92 dt_portfolio type-dt_portfolio status-publish has-post-thumbnail hentry dt_portfolio_category-logo dt_portfolio_category-print\" data-name=\"Digital 113\" data-date=\"2020-02-11T16:25:56+01:00\">\n<div class=\"post-thumbnail-wrap\">\n\t<div class=\"post-thumbnail \">\n\n\t\t<a href=\"https:\/\/juliannemahot.fr\/?dt_portfolio=project004\" class=\"post-thumbnail-rollover layzr-bg\" aria-label=\"Image article\"><img loading=\"lazy\" class=\"preload-me iso-lazy-load\" src=\"data:image\/svg+xml,%3Csvg%20xmlns%3D&#39;http%3A%2F%2Fwww.w3.org%2F2000%2Fsvg&#39;%20viewBox%3D&#39;0%200%20768%20768&#39;%2F%3E\" data-src=\"https:\/\/juliannemahot.fr\/wp-content\/uploads\/2020\/03\/couverture-digital113-768x768.png\" data-srcset=\"https:\/\/juliannemahot.fr\/wp-content\/uploads\/2020\/03\/couverture-digital113-768x768.png 768w, https:\/\/juliannemahot.fr\/wp-content\/uploads\/2020\/03\/couverture-digital113-1152x1152.png 1152w\" alt=\"\" title=\"couverture digital113\" width=\"768\" height=\"768\"  \/><\/a>\n\t<\/div>\n<\/div>\n\n<div class=\"post-entry-content  rollover-active\">\n\t<div class=\"post-entry-body\">\n\t\t<div class=\"project-links-container\"><a href=\"https:\/\/juliannemahot.fr\/?dt_portfolio=project004\" class=\"project-details\" aria-label=\"Lien d\u00e9tails\"><span aria-hidden=\"true\" class=\" icomoon-the7-font-the7-plus-04\"><\/span><\/a><\/div><h3 class=\"ele-entry-title\"><a href=\"https:\/\/juliannemahot.fr\/?dt_portfolio=project004\" rel=\"bookmark\" title=\"Digital 113\">Digital 113<\/a><\/h3><div class=\"entry-excerpt\"><p>Cluster num\u00e9rique de l&rsquo;Occitanie<\/p>\n<\/div>\t<\/div>\n<\/div><\/article><\/div><div class=\"visible wf-cell iso-item\" data-post-id=\"482\" data-date=\"2020-02-11T16:20:00+01:00\" data-name=\"Sant Jordi Whisky\"><article class=\"post visible post-482 dt_portfolio type-dt_portfolio status-publish has-post-thumbnail hentry dt_portfolio_category-packaging\" data-name=\"Sant Jordi Whisky\" data-date=\"2020-02-11T16:20:00+01:00\">\n<div class=\"post-thumbnail-wrap\">\n\t<div class=\"post-thumbnail \">\n\n\t\t<a href=\"https:\/\/juliannemahot.fr\/?dt_portfolio=project014\" class=\"post-thumbnail-rollover layzr-bg\" aria-label=\"Image article\"><img loading=\"lazy\" class=\"preload-me iso-lazy-load\" src=\"data:image\/svg+xml,%3Csvg%20xmlns%3D&#39;http%3A%2F%2Fwww.w3.org%2F2000%2Fsvg&#39;%20viewBox%3D&#39;0%200%20768%20768&#39;%2F%3E\" data-src=\"https:\/\/juliannemahot.fr\/wp-content\/uploads\/2020\/02\/couverture-saint-jordi_V2-768x768.png\" data-srcset=\"https:\/\/juliannemahot.fr\/wp-content\/uploads\/2020\/02\/couverture-saint-jordi_V2-768x768.png 768w, https:\/\/juliannemahot.fr\/wp-content\/uploads\/2020\/02\/couverture-saint-jordi_V2-1152x1152.png 1152w\" alt=\"\" title=\"couverture saint jordi_V2\" width=\"768\" height=\"768\"  \/><\/a>\n\t<\/div>\n<\/div>\n\n<div class=\"post-entry-content  rollover-active\">\n\t<div class=\"post-entry-body\">\n\t\t<div class=\"project-links-container\"><a href=\"https:\/\/juliannemahot.fr\/?dt_portfolio=project014\" class=\"project-details\" aria-label=\"Lien d\u00e9tails\"><span aria-hidden=\"true\" class=\" icomoon-the7-font-the7-plus-04\"><\/span><\/a><\/div><h3 class=\"ele-entry-title\"><a href=\"https:\/\/juliannemahot.fr\/?dt_portfolio=project014\" rel=\"bookmark\" title=\"Sant Jordi Whisky\">Sant Jordi Whisky<\/a><\/h3><div class=\"entry-excerpt\"><p>Packaging de whisky catalan<\/p>\n<\/div>\t<\/div>\n<\/div><\/article><\/div><\/div><!-- iso-container|iso-grid --><\/div>\t\t<\/div>\n\t\t\t\t<\/div>\n\t\t\t\t\t<\/div>\n\t\t<\/div>\n\t\t\t\t\t\t\t<\/div>\n\t\t<\/section>\n\t\t\t\t\t\t\t<\/div>\n\t\t","protected":false},"excerpt":{"rendered":"<p>WINOOD Application d&#8217;accord mets et vin La L\u00e9gende de Pyr\u00e8ne Moutarderie Artisanale \u00c9tiquette de vin \u00c9tiquette de vin \u00c9choppe des Artisans Point de vente d&#8217;Artisans Catalans Giftyfox Application pour trouver la meilleure id\u00e9e cadeau Nulla amet quadro Lorem ipsum amet &#8211; nullam arcu tempus. \u00c9tiquette de vin \u00c9tiquette de vin Dapibus purus sem Pellentesque dolor&hellip;<\/p>\n","protected":false},"author":1,"featured_media":0,"parent":0,"menu_order":30,"comment_status":"closed","ping_status":"closed","template":"elementor_header_footer","meta":[],"_links":{"self":[{"href":"https:\/\/juliannemahot.fr\/index.php?rest_route=\/wp\/v2\/pages\/485"}],"collection":[{"href":"https:\/\/juliannemahot.fr\/index.php?rest_route=\/wp\/v2\/pages"}],"about":[{"href":"https:\/\/juliannemahot.fr\/index.php?rest_route=\/wp\/v2\/types\/page"}],"author":[{"embeddable":true,"href":"https:\/\/juliannemahot.fr\/index.php?rest_route=\/wp\/v2\/users\/1"}],"replies":[{"embeddable":true,"href":"https:\/\/juliannemahot.fr\/index.php?rest_route=%2Fwp%2Fv2%2Fcomments&post=485"}],"version-history":[{"count":67,"href":"https:\/\/juliannemahot.fr\/index.php?rest_route=\/wp\/v2\/pages\/485\/revisions"}],"predecessor-version":[{"id":3150,"href":"https:\/\/juliannemahot.fr\/index.php?rest_route=\/wp\/v2\/pages\/485\/revisions\/3150"}],"wp:attachment":[{"href":"https:\/\/juliannemahot.fr\/index.php?rest_route=%2Fwp%2Fv2%2Fmedia&parent=485"}],"curies":[{"name":"wp","href":"https:\/\/api.w.org\/{rel}","templated":true}]}}